{"id":255,"date":"2023-03-17T21:56:45","date_gmt":"2023-03-17T20:56:45","guid":{"rendered":"https:\/\/www.expatservice-vbg.at\/?page_id=255"},"modified":"2025-12-17T17:14:10","modified_gmt":"2025-12-17T16:14:10","slug":"impressum","status":"publish","type":"page","link":"https:\/\/www.expat-v.at\/de\/impressum\/","title":{"rendered":"Impressum"},"content":{"rendered":"<div data-elementor-type=\"wp-page\" data-elementor-id=\"255\" class=\"elementor elementor-255\" data-elementor-post-type=\"page\">\n\t\t\t\t\t\t<section class=\"has_ae_slider elementor-section elementor-top-section elementor-element elementor-element-77a81c5 elementor-section-boxed elementor-section-height-default elementor-section-height-default ae-bg-gallery-type-default\" data-id=\"77a81c5\" data-element_type=\"section\">\n\t\t\t\t\t\t<div class=\"elementor-container elementor-column-gap-default\">\n\t\t\t\t\t<div class=\"has_ae_slider elementor-column elementor-col-100 elementor-top-column elementor-element elementor-element-692308c ae-bg-gallery-type-default\" data-id=\"692308c\" data-element_type=\"column\">\n\t\t\t<div class=\"elementor-widget-wrap elementor-element-populated\">\n\t\t\t\t\t\t<div class=\"elementor-element elementor-element-b27ba35 elementor-widget elementor-widget-heading\" data-id=\"b27ba35\" data-element_type=\"widget\" data-widget_type=\"heading.default\">\n\t\t\t\t<div class=\"elementor-widget-container\">\n\t\t\t\t\t<h2 class=\"elementor-heading-title elementor-size-default\">Impressum<\/h2>\t\t\t\t<\/div>\n\t\t\t\t<\/div>\n\t\t\t\t<div class=\"elementor-element elementor-element-793e9b4 elementor-widget elementor-widget-text-editor\" data-id=\"793e9b4\" data-element_type=\"widget\" data-widget_type=\"text-editor.default\">\n\t\t\t\t<div class=\"elementor-widget-container\">\n\t\t\t\t\t\t\t\t\t<p>Expat Service Vorarlberg<br \/>Deuringstra\u00dfe 1<br \/>6900 Bregenz<br \/>\u00d6sterreich<\/p><p>ZVR-Zahl: 1473404288<\/p>\t\t\t\t\t\t\t\t<\/div>\n\t\t\t\t<\/div>\n\t\t\t\t<div class=\"elementor-element elementor-element-7225037 elementor-widget elementor-widget-heading\" data-id=\"7225037\" data-element_type=\"widget\" data-widget_type=\"heading.default\">\n\t\t\t\t<div class=\"elementor-widget-container\">\n\t\t\t\t\t<h2 class=\"elementor-heading-title elementor-size-default\">Gesch\u00e4ftsf\u00fchrung<\/h2>\t\t\t\t<\/div>\n\t\t\t\t<\/div>\n\t\t\t\t<div class=\"elementor-element elementor-element-cd8f296 elementor-widget elementor-widget-text-editor\" data-id=\"cd8f296\" data-element_type=\"widget\" data-widget_type=\"text-editor.default\">\n\t\t\t\t<div class=\"elementor-widget-container\">\n\t\t\t\t\t\t\t\t\tClaudia Neumayr<br>\nGesch\u00e4ftsf\u00fchrerin\t\t\t\t\t\t\t\t<\/div>\n\t\t\t\t<\/div>\n\t\t\t\t<div class=\"elementor-element elementor-element-c707579 elementor-icon-list--layout-traditional elementor-list-item-link-full_width elementor-widget elementor-widget-icon-list\" data-id=\"c707579\" data-element_type=\"widget\" data-widget_type=\"icon-list.default\">\n\t\t\t\t<div class=\"elementor-widget-container\">\n\t\t\t\t\t\t\t<ul class=\"elementor-icon-list-items\">\n\t\t\t\t\t\t\t<li class=\"elementor-icon-list-item\">\n\t\t\t\t\t\t\t\t\t\t\t<a href=\"tel:+436769027374\">\n\n\t\t\t\t\t\t\t\t\t\t\t<span class=\"elementor-icon-list-text\">T +43 676 9027374<\/span>\n\t\t\t\t\t\t\t\t\t\t\t<\/a>\n\t\t\t\t\t\t\t\t\t<\/li>\n\t\t\t\t\t\t\t\t<li class=\"elementor-icon-list-item\">\n\t\t\t\t\t\t\t\t\t\t\t<a href=\"mailto:claudia@expat-v.at\">\n\n\t\t\t\t\t\t\t\t\t\t\t<span class=\"elementor-icon-list-text\">claudia@expat-v.at<\/span>\n\t\t\t\t\t\t\t\t\t\t\t<\/a>\n\t\t\t\t\t\t\t\t\t<\/li>\n\t\t\t\t\t\t<\/ul>\n\t\t\t\t\t\t<\/div>\n\t\t\t\t<\/div>\n\t\t\t\t<div class=\"elementor-element elementor-element-d87a62d elementor-widget elementor-widget-heading\" data-id=\"d87a62d\" data-element_type=\"widget\" data-widget_type=\"heading.default\">\n\t\t\t\t<div class=\"elementor-widget-container\">\n\t\t\t\t\t<h2 class=\"elementor-heading-title elementor-size-default\">Urheberrecht<\/h2>\t\t\t\t<\/div>\n\t\t\t\t<\/div>\n\t\t\t\t<div class=\"elementor-element elementor-element-417be2b elementor-widget elementor-widget-text-editor\" data-id=\"417be2b\" data-element_type=\"widget\" data-widget_type=\"text-editor.default\">\n\t\t\t\t<div class=\"elementor-widget-container\">\n\t\t\t\t\t\t\t\t\t<p>Die Inhalte dieser Homepage (Text- und Bildmaterial) werden Internet-Nutzern ausschlie\u00dflich zum privaten, eigenen Gebrauch zur Verf\u00fcgung gestellt. Jede gewerbliche Nutzung der Inhalte bedarf der schriftlichen Genehmigung durch den Expat Service Vorarlberg. Das ausschlie\u00dfliche Nutzungsrecht f\u00fcr die Texte und Bilder liegt beim Betreiber dieser Webseite. Ausgenommen sind unver\u00e4nderte lizenzfreie Bilder.<\/p><p><b>Konzeption und Gestaltung<\/b><br \/>studio spitzar, Dornbirn, \u00d6sterreich <br \/>Artistic Direction &#8211; Marco Spitzar <br \/>Design &#8211; Isabel Bechter, Mario Brugger<br \/>Project Management und Kundenbetreuung &#8211; Anita Greber<\/p>\t\t\t\t\t\t\t\t<\/div>\n\t\t\t\t<\/div>\n\t\t\t\t<div class=\"elementor-element elementor-element-44b27d3 elementor-icon-list--layout-traditional elementor-list-item-link-full_width elementor-widget elementor-widget-icon-list\" data-id=\"44b27d3\" data-element_type=\"widget\" data-widget_type=\"icon-list.default\">\n\t\t\t\t<div class=\"elementor-widget-container\">\n\t\t\t\t\t\t\t<ul class=\"elementor-icon-list-items\">\n\t\t\t\t\t\t\t<li class=\"elementor-icon-list-item\">\n\t\t\t\t\t\t\t\t\t\t\t<a href=\"mailto:office@studio-spitzar.com\">\n\n\t\t\t\t\t\t\t\t\t\t\t<span class=\"elementor-icon-list-text\">office@studio-spitzar.com<\/span>\n\t\t\t\t\t\t\t\t\t\t\t<\/a>\n\t\t\t\t\t\t\t\t\t<\/li>\n\t\t\t\t\t\t\t\t<li class=\"elementor-icon-list-item\">\n\t\t\t\t\t\t\t\t\t\t\t<a href=\"http:\/\/www.studio-spitzar.com\" target=\"_blank\">\n\n\t\t\t\t\t\t\t\t\t\t\t<span class=\"elementor-icon-list-text\">www.studio-spitzar.com<\/span>\n\t\t\t\t\t\t\t\t\t\t\t<\/a>\n\t\t\t\t\t\t\t\t\t<\/li>\n\t\t\t\t\t\t<\/ul>\n\t\t\t\t\t\t<\/div>\n\t\t\t\t<\/div>\n\t\t\t\t<div class=\"elementor-element elementor-element-dfd691b elementor-widget elementor-widget-text-editor\" data-id=\"dfd691b\" data-element_type=\"widget\" data-widget_type=\"text-editor.default\">\n\t\t\t\t<div class=\"elementor-widget-container\">\n\t\t\t\t\t\t\t\t\t<p><b style=\"color: var( --e-global-color-text ); font-family: var( --e-global-typography-text-font-family ), Sans-serif;\">Entwicklung und Projektrealisierung<\/b><\/p><p>Reboot IT-Solution e.U.<br \/>Schulgasse 48<br \/>6850 Dornbirn<br \/>\u00d6sterreich<\/p>\t\t\t\t\t\t\t\t<\/div>\n\t\t\t\t<\/div>\n\t\t\t\t<div class=\"elementor-element elementor-element-032d151 elementor-icon-list--layout-traditional elementor-list-item-link-full_width elementor-widget elementor-widget-icon-list\" data-id=\"032d151\" data-element_type=\"widget\" data-widget_type=\"icon-list.default\">\n\t\t\t\t<div class=\"elementor-widget-container\">\n\t\t\t\t\t\t\t<ul class=\"elementor-icon-list-items\">\n\t\t\t\t\t\t\t<li class=\"elementor-icon-list-item\">\n\t\t\t\t\t\t\t\t\t\t\t<a href=\"tel:+43(0)680320150%201\">\n\n\t\t\t\t\t\t\t\t\t\t\t<span class=\"elementor-icon-list-text\">+43 (0) 680 320 150 1<\/span>\n\t\t\t\t\t\t\t\t\t\t\t<\/a>\n\t\t\t\t\t\t\t\t\t<\/li>\n\t\t\t\t\t\t\t\t<li class=\"elementor-icon-list-item\">\n\t\t\t\t\t\t\t\t\t\t\t<a href=\"mailto:office@reboot.at\">\n\n\t\t\t\t\t\t\t\t\t\t\t<span class=\"elementor-icon-list-text\">office@reboot.at<\/span>\n\t\t\t\t\t\t\t\t\t\t\t<\/a>\n\t\t\t\t\t\t\t\t\t<\/li>\n\t\t\t\t\t\t\t\t<li class=\"elementor-icon-list-item\">\n\t\t\t\t\t\t\t\t\t\t\t<a href=\"http:\/\/www.reboot.at\" target=\"_blank\">\n\n\t\t\t\t\t\t\t\t\t\t\t<span class=\"elementor-icon-list-text\">www.reboot.at<\/span>\n\t\t\t\t\t\t\t\t\t\t\t<\/a>\n\t\t\t\t\t\t\t\t\t<\/li>\n\t\t\t\t\t\t<\/ul>\n\t\t\t\t\t\t<\/div>\n\t\t\t\t<\/div>\n\t\t\t\t\t<\/div>\n\t\t<\/div>\n\t\t\t\t\t<\/div>\n\t\t<\/section>\n\t\t\t\t<\/div>","protected":false},"excerpt":{"rendered":"<p>Impressum Expat Service VorarlbergDeuringstra\u00dfe 16900 Bregenz\u00d6sterreich ZVR-Zahl: 1473404288 Gesch\u00e4ftsf\u00fchrung Claudia Neumayr Gesch\u00e4ftsf\u00fchrerin T +43 676 9027374 claudia@expat-v.at Urheberrecht Die Inhalte dieser Homepage (Text- und Bildmaterial) werden Internet-Nutzern ausschlie\u00dflich zum privaten, eigenen Gebrauch zur Verf\u00fcgung gestellt. Jede gewerbliche Nutzung der Inhalte bedarf der schriftlichen Genehmigung durch den Expat Service Vorarlberg. Das ausschlie\u00dfliche Nutzungsrecht f\u00fcr die Texte [&hellip;]<\/p>","protected":false},"author":1,"featured_media":0,"parent":0,"menu_order":0,"comment_status":"closed","ping_status":"closed","template":"","meta":{"footnotes":""},"class_list":["post-255","page","type-page","status-publish","hentry"],"yoast_head":"<!-- This site is optimized with the Yoast SEO plugin v26.9 - https:\/\/yoast.com\/product\/yoast-seo-wordpress\/ -->\n<title>Impressum - expat-v.at<\/title>\n<meta name=\"robots\" content=\"index, follow, max-snippet:-1, max-image-preview:large, max-video-preview:-1\" \/>\n<link rel=\"canonical\" href=\"https:\/\/www.expat-v.at\/de\/impressum\/\" \/>\n<meta property=\"og:locale\" content=\"de_DE\" \/>\n<meta property=\"og:type\" content=\"article\" \/>\n<meta property=\"og:title\" content=\"Impressum - expat-v.at\" \/>\n<meta property=\"og:description\" content=\"Impressum Expat Service VorarlbergDeuringstra\u00dfe 16900 Bregenz\u00d6sterreich ZVR-Zahl: 1473404288 Gesch\u00e4ftsf\u00fchrung Claudia Neumayr Gesch\u00e4ftsf\u00fchrerin T +43 676 9027374 claudia@expat-v.at Urheberrecht Die Inhalte dieser Homepage (Text- und Bildmaterial) werden Internet-Nutzern ausschlie\u00dflich zum privaten, eigenen Gebrauch zur Verf\u00fcgung gestellt. Jede gewerbliche Nutzung der Inhalte bedarf der schriftlichen Genehmigung durch den Expat Service Vorarlberg. Das ausschlie\u00dfliche Nutzungsrecht f\u00fcr die Texte [&hellip;]\" \/>\n<meta property=\"og:url\" content=\"https:\/\/www.expat-v.at\/de\/impressum\/\" \/>\n<meta property=\"og:site_name\" content=\"expat-v.at\" \/>\n<meta property=\"article:modified_time\" content=\"2025-12-17T16:14:10+00:00\" \/>\n<meta name=\"twitter:card\" content=\"summary_large_image\" \/>\n<meta name=\"twitter:label1\" content=\"Gesch\u00e4tzte Lesezeit\" \/>\n\t<meta name=\"twitter:data1\" content=\"1\u00a0Minute\" \/>\n<script type=\"application\/ld+json\" class=\"yoast-schema-graph\">{\"@context\":\"https:\/\/schema.org\",\"@graph\":[{\"@type\":\"WebPage\",\"@id\":\"https:\/\/www.expat-v.at\/impressum\/\",\"url\":\"https:\/\/www.expat-v.at\/impressum\/\",\"name\":\"Impressum - expat-v.at\",\"isPartOf\":{\"@id\":\"https:\/\/www.expat-v.at\/#website\"},\"datePublished\":\"2023-03-17T20:56:45+00:00\",\"dateModified\":\"2025-12-17T16:14:10+00:00\",\"breadcrumb\":{\"@id\":\"https:\/\/www.expat-v.at\/impressum\/#breadcrumb\"},\"inLanguage\":\"de\",\"potentialAction\":[{\"@type\":\"ReadAction\",\"target\":[\"https:\/\/www.expat-v.at\/impressum\/\"]}]},{\"@type\":\"BreadcrumbList\",\"@id\":\"https:\/\/www.expat-v.at\/impressum\/#breadcrumb\",\"itemListElement\":[{\"@type\":\"ListItem\",\"position\":1,\"name\":\"Home\",\"item\":\"https:\/\/www.expat-v.at\/\"},{\"@type\":\"ListItem\",\"position\":2,\"name\":\"Impressum\"}]},{\"@type\":\"WebSite\",\"@id\":\"https:\/\/www.expat-v.at\/#website\",\"url\":\"https:\/\/www.expat-v.at\/\",\"name\":\"expat-v.at\",\"description\":\"Expat Service Vorarlberg\",\"publisher\":{\"@id\":\"https:\/\/www.expat-v.at\/#organization\"},\"potentialAction\":[{\"@type\":\"SearchAction\",\"target\":{\"@type\":\"EntryPoint\",\"urlTemplate\":\"https:\/\/www.expat-v.at\/?s={search_term_string}\"},\"query-input\":{\"@type\":\"PropertyValueSpecification\",\"valueRequired\":true,\"valueName\":\"search_term_string\"}}],\"inLanguage\":\"de\"},{\"@type\":\"Organization\",\"@id\":\"https:\/\/www.expat-v.at\/#organization\",\"name\":\"expat-v.at\",\"url\":\"https:\/\/www.expat-v.at\/\",\"logo\":{\"@type\":\"ImageObject\",\"inLanguage\":\"de\",\"@id\":\"https:\/\/www.expat-v.at\/#\/schema\/logo\/image\/\",\"url\":\"https:\/\/www.expat-v.at\/wp-content\/uploads\/2023\/03\/Marke-Expat-V.png\",\"contentUrl\":\"https:\/\/www.expat-v.at\/wp-content\/uploads\/2023\/03\/Marke-Expat-V.png\",\"width\":307,\"height\":183,\"caption\":\"expat-v.at\"},\"image\":{\"@id\":\"https:\/\/www.expat-v.at\/#\/schema\/logo\/image\/\"}}]}<\/script>\n<!-- \/ Yoast SEO plugin. -->","yoast_head_json":{"title":"Impressum - expat-v.at","robots":{"index":"index","follow":"follow","max-snippet":"max-snippet:-1","max-image-preview":"max-image-preview:large","max-video-preview":"max-video-preview:-1"},"canonical":"https:\/\/www.expat-v.at\/de\/impressum\/","og_locale":"de_DE","og_type":"article","og_title":"Impressum - expat-v.at","og_description":"Impressum Expat Service VorarlbergDeuringstra\u00dfe 16900 Bregenz\u00d6sterreich ZVR-Zahl: 1473404288 Gesch\u00e4ftsf\u00fchrung Claudia Neumayr Gesch\u00e4ftsf\u00fchrerin T +43 676 9027374 claudia@expat-v.at Urheberrecht Die Inhalte dieser Homepage (Text- und Bildmaterial) werden Internet-Nutzern ausschlie\u00dflich zum privaten, eigenen Gebrauch zur Verf\u00fcgung gestellt. Jede gewerbliche Nutzung der Inhalte bedarf der schriftlichen Genehmigung durch den Expat Service Vorarlberg. Das ausschlie\u00dfliche Nutzungsrecht f\u00fcr die Texte [&hellip;]","og_url":"https:\/\/www.expat-v.at\/de\/impressum\/","og_site_name":"expat-v.at","article_modified_time":"2025-12-17T16:14:10+00:00","twitter_card":"summary_large_image","twitter_misc":{"Gesch\u00e4tzte Lesezeit":"1\u00a0Minute"},"schema":{"@context":"https:\/\/schema.org","@graph":[{"@type":"WebPage","@id":"https:\/\/www.expat-v.at\/impressum\/","url":"https:\/\/www.expat-v.at\/impressum\/","name":"Impressum - expat-v.at","isPartOf":{"@id":"https:\/\/www.expat-v.at\/#website"},"datePublished":"2023-03-17T20:56:45+00:00","dateModified":"2025-12-17T16:14:10+00:00","breadcrumb":{"@id":"https:\/\/www.expat-v.at\/impressum\/#breadcrumb"},"inLanguage":"de","potentialAction":[{"@type":"ReadAction","target":["https:\/\/www.expat-v.at\/impressum\/"]}]},{"@type":"BreadcrumbList","@id":"https:\/\/www.expat-v.at\/impressum\/#breadcrumb","itemListElement":[{"@type":"ListItem","position":1,"name":"Home","item":"https:\/\/www.expat-v.at\/"},{"@type":"ListItem","position":2,"name":"Impressum"}]},{"@type":"WebSite","@id":"https:\/\/www.expat-v.at\/#website","url":"https:\/\/www.expat-v.at\/","name":"expat-v.at","description":"Expat Service Vorarlberg","publisher":{"@id":"https:\/\/www.expat-v.at\/#organization"},"potentialAction":[{"@type":"SearchAction","target":{"@type":"EntryPoint","urlTemplate":"https:\/\/www.expat-v.at\/?s={search_term_string}"},"query-input":{"@type":"PropertyValueSpecification","valueRequired":true,"valueName":"search_term_string"}}],"inLanguage":"de"},{"@type":"Organization","@id":"https:\/\/www.expat-v.at\/#organization","name":"expat-v.at","url":"https:\/\/www.expat-v.at\/","logo":{"@type":"ImageObject","inLanguage":"de","@id":"https:\/\/www.expat-v.at\/#\/schema\/logo\/image\/","url":"https:\/\/www.expat-v.at\/wp-content\/uploads\/2023\/03\/Marke-Expat-V.png","contentUrl":"https:\/\/www.expat-v.at\/wp-content\/uploads\/2023\/03\/Marke-Expat-V.png","width":307,"height":183,"caption":"expat-v.at"},"image":{"@id":"https:\/\/www.expat-v.at\/#\/schema\/logo\/image\/"}}]}},"_links":{"self":[{"href":"https:\/\/www.expat-v.at\/de\/wp-json\/wp\/v2\/pages\/255","targetHints":{"allow":["GET"]}}],"collection":[{"href":"https:\/\/www.expat-v.at\/de\/wp-json\/wp\/v2\/pages"}],"about":[{"href":"https:\/\/www.expat-v.at\/de\/wp-json\/wp\/v2\/types\/page"}],"author":[{"embeddable":true,"href":"https:\/\/www.expat-v.at\/de\/wp-json\/wp\/v2\/users\/1"}],"replies":[{"embeddable":true,"href":"https:\/\/www.expat-v.at\/de\/wp-json\/wp\/v2\/comments?post=255"}],"version-history":[{"count":32,"href":"https:\/\/www.expat-v.at\/de\/wp-json\/wp\/v2\/pages\/255\/revisions"}],"predecessor-version":[{"id":3054,"href":"https:\/\/www.expat-v.at\/de\/wp-json\/wp\/v2\/pages\/255\/revisions\/3054"}],"wp:attachment":[{"href":"https:\/\/www.expat-v.at\/de\/wp-json\/wp\/v2\/media?parent=255"}],"curies":[{"name":"wp","href":"https:\/\/api.w.org\/{rel}","templated":true}]}}